{"id":241623,"date":"2026-04-14T14:45:37","date_gmt":"2026-04-14T12:45:37","guid":{"rendered":"https:\/\/hotelarclarambla.com\/agenda\/?page_id=241623"},"modified":"2026-04-24T08:52:17","modified_gmt":"2026-04-24T06:52:17","slug":"evento-semanal","status":"publish","type":"page","link":"https:\/\/hotelarclarambla.com\/agenda\/evento-semanal\/","title":{"rendered":"Evento semanal"},"content":{"rendered":"<p>[et_pb_section fb_built=\u00bb1&#8243; module_id=\u00bbslider-posts\u00bb module_class=\u00bbwpt-divi-forms\u00bb _builder_version=\u00bb4.20.4&#8243; _module_preset=\u00bbdefault\u00bb background_color=\u00bbrgba(255,255,255,0.5)\u00bb background_enable_image=\u00bboff\u00bb background_blend=\u00bboverlay\u00bb custom_padding=\u00bb||0px||false|false\u00bb global_colors_info=\u00bb{}\u00bb][et_pb_row _builder_version=\u00bb4.27.4&#8243; _module_preset=\u00bbdefault\u00bb custom_padding=\u00bb0px||0px||true|false\u00bb global_colors_info=\u00bb{}\u00bb][et_pb_column type=\u00bb4_4&#8243; _builder_version=\u00bb4.20.4&#8243; _module_preset=\u00bbdefault\u00bb global_colors_info=\u00bb{}\u00bb][et_pb_text _builder_version=\u00bb4.27.4&#8243; _module_preset=\u00bbdefault\u00bb text_font=\u00bbBaskervville|700|||||||\u00bb text_text_color=\u00bb#54565a\u00bb text_line_height=\u00bb1em\u00bb header_font=\u00bbBaskervville|700|||||||\u00bb header_text_align=\u00bbcenter\u00bb header_text_color=\u00bb#54565a\u00bb header_2_font=\u00bbBaskervville|700|||||||\u00bb header_2_text_color=\u00bb#54565a\u00bb global_colors_info=\u00bb{}\u00bb]<\/p>\n<h2 style=\"text-align: center;\">Compra tus tickets<\/h2>\n<p style=\"text-align: center;\">Deportes \u00b7 Conciertos \u00b7 Teatros \u00b7 Espect\u00e1culos<\/p>\n<p>[\/et_pb_text][et_pb_text _builder_version=\u00bb4.27.4&#8243; _module_preset=\u00bbdefault\u00bb text_font=\u00bbBaskervville|700|||||||\u00bb text_text_color=\u00bb#54565a\u00bb text_font_size=\u00bb30px\u00bb text_line_height=\u00bb1em\u00bb header_font=\u00bbBaskervville|700|||||||\u00bb header_text_align=\u00bbcenter\u00bb header_text_color=\u00bb#54565a\u00bb global_colors_info=\u00bb{}\u00bb]<\/p>\n<h1 style=\"text-align: center;\">Disfruta de los mejores eventos de la semana en Barcelona<\/h1>\n<p>[\/et_pb_text][et_pb_text _builder_version=\u00bb4.27.4&#8243; _dynamic_attributes=\u00bbcontent\u00bb _module_preset=\u00bbdefault\u00bb text_font=\u00bbBaskervville|700||on|||||\u00bb text_text_color=\u00bb#54565a\u00bb text_font_size=\u00bb28px\u00bb text_orientation=\u00bbcenter\u00bb global_colors_info=\u00bb{}\u00bb]@ET-DC@eyJkeW5hbWljIjp0cnVlLCJjb250ZW50IjoiY3VzdG9tX21ldGFfZmVjaGFfc2VtYW5hbCIsInNldHRpbmdzIjp7ImJlZm9yZSI6IjxwPjxzdHJvbmc+IiwiYWZ0ZXIiOiI8L3N0cm9uZz48L3A+IiwiZW5hYmxlX2h0bWwiOiJvZmYifX0=@[\/et_pb_text][et_pb_code _builder_version=\u00bb4.27.4&#8243; _module_preset=\u00bbdefault\u00bb global_colors_info=\u00bb{}\u00bb][\/et_pb_code][\/et_pb_column][\/et_pb_row][et_pb_row column_structure=\u00bb1_4,1_4,1_4,1_4&#8243; disabled_on=\u00bbon|off|off\u00bb _builder_version=\u00bb4.27.4&#8243; _module_preset=\u00bbdefault\u00bb width=\u00bb90%\u00bb custom_margin=\u00bb||||false|false\u00bb custom_padding=\u00bb0px||0px||true|false\u00bb global_colors_info=\u00bb{}\u00bb][et_pb_column type=\u00bb1_4&#8243; _builder_version=\u00bb4.27.4&#8243; _module_preset=\u00bbdefault\u00bb global_colors_info=\u00bb{}\u00bb][et_pb_blog fullwidth=\u00bboff\u00bb post_type=\u00bbevento-semanal\u00bb posts_number=\u00bb1&#8243; excerpt_length=\u00bb100&#8243; show_author=\u00bboff\u00bb show_date=\u00bboff\u00bb show_pagination=\u00bboff\u00bb _builder_version=\u00bb4.27.4&#8243; _module_preset=\u00bbdefault\u00bb header_level=\u00bbh3&#8243; header_font=\u00bbBaskervville|700|||||||\u00bb header_text_color=\u00bb#54565a\u00bb custom_margin=\u00bb50px||||false|false\u00bb border_radii=\u00bbon|15px|15px|15px|15px\u00bb border_color_all=\u00bb#FFFFFF\u00bb border_width_right=\u00bb0px\u00bb border_radii_image=\u00bboff|15px|15px||\u00bb box_shadow_style=\u00bbpreset4&#8243; locked=\u00bboff\u00bb global_colors_info=\u00bb{}\u00bb][\/et_pb_blog][\/et_pb_column][et_pb_column type=\u00bb1_4&#8243; _builder_version=\u00bb4.27.4&#8243; _module_preset=\u00bbdefault\u00bb global_colors_info=\u00bb{}\u00bb][et_pb_blog fullwidth=\u00bboff\u00bb post_type=\u00bbevento-semanal\u00bb posts_number=\u00bb1&#8243; excerpt_length=\u00bb100&#8243; show_author=\u00bboff\u00bb show_date=\u00bboff\u00bb show_pagination=\u00bboff\u00bb offset_number=\u00bb1&#8243; _builder_version=\u00bb4.27.4&#8243; _module_preset=\u00bbdefault\u00bb header_level=\u00bbh3&#8243; header_font=\u00bbBaskervville|700|||||||\u00bb header_text_color=\u00bb#54565a\u00bb custom_margin=\u00bb50px||||false|false\u00bb border_radii=\u00bbon|15px|15px|15px|15px\u00bb border_color_all=\u00bb#FFFFFF\u00bb border_width_right=\u00bb0px\u00bb border_radii_image=\u00bboff|15px|15px||\u00bb box_shadow_style=\u00bbpreset4&#8243; locked=\u00bboff\u00bb global_colors_info=\u00bb{}\u00bb][\/et_pb_blog][\/et_pb_column][et_pb_column type=\u00bb1_4&#8243; _builder_version=\u00bb4.27.4&#8243; _module_preset=\u00bbdefault\u00bb global_colors_info=\u00bb{}\u00bb][et_pb_blog fullwidth=\u00bboff\u00bb post_type=\u00bbevento-semanal\u00bb posts_number=\u00bb1&#8243; excerpt_length=\u00bb100&#8243; show_author=\u00bboff\u00bb show_date=\u00bboff\u00bb show_pagination=\u00bboff\u00bb offset_number=\u00bb2&#8243; _builder_version=\u00bb4.27.4&#8243; _module_preset=\u00bbdefault\u00bb header_level=\u00bbh3&#8243; header_font=\u00bbBaskervville|700|||||||\u00bb header_text_color=\u00bb#54565a\u00bb custom_margin=\u00bb50px||||false|false\u00bb border_radii=\u00bbon|15px|15px|15px|15px\u00bb border_color_all=\u00bb#FFFFFF\u00bb border_width_right=\u00bb0px\u00bb border_radii_image=\u00bboff|15px|15px||\u00bb box_shadow_style=\u00bbpreset4&#8243; locked=\u00bboff\u00bb global_colors_info=\u00bb{}\u00bb][\/et_pb_blog][\/et_pb_column][et_pb_column type=\u00bb1_4&#8243; _builder_version=\u00bb4.27.4&#8243; _module_preset=\u00bbdefault\u00bb global_colors_info=\u00bb{}\u00bb][et_pb_blog fullwidth=\u00bboff\u00bb post_type=\u00bbevento-semanal\u00bb posts_number=\u00bb1&#8243; excerpt_length=\u00bb100&#8243; show_author=\u00bboff\u00bb show_date=\u00bboff\u00bb show_pagination=\u00bboff\u00bb offset_number=\u00bb3&#8243; _builder_version=\u00bb4.27.4&#8243; _module_preset=\u00bbdefault\u00bb header_level=\u00bbh3&#8243; header_font=\u00bbBaskervville|700|||||||\u00bb header_text_color=\u00bb#54565a\u00bb custom_margin=\u00bb50px||||false|false\u00bb border_radii=\u00bbon|15px|15px|15px|15px\u00bb border_color_all=\u00bb#FFFFFF\u00bb border_width_right=\u00bb0px\u00bb border_radii_image=\u00bboff|15px|15px||\u00bb box_shadow_style=\u00bbpreset4&#8243; locked=\u00bboff\u00bb global_colors_info=\u00bb{}\u00bb][\/et_pb_blog][\/et_pb_column][\/et_pb_row][et_pb_row column_structure=\u00bb1_4,1_4,1_4,1_4&#8243; disabled_on=\u00bbon|off|off\u00bb _builder_version=\u00bb4.27.4&#8243; _module_preset=\u00bbdefault\u00bb width=\u00bb90%\u00bb custom_padding=\u00bb0px||0px||true|false\u00bb global_colors_info=\u00bb{}\u00bb][et_pb_column type=\u00bb1_4&#8243; _builder_version=\u00bb4.27.4&#8243; _module_preset=\u00bbdefault\u00bb global_colors_info=\u00bb{}\u00bb][et_pb_blog fullwidth=\u00bboff\u00bb post_type=\u00bbevento-semanal\u00bb posts_number=\u00bb1&#8243; excerpt_length=\u00bb100&#8243; show_author=\u00bboff\u00bb show_date=\u00bboff\u00bb show_pagination=\u00bboff\u00bb offset_number=\u00bb4&#8243; _builder_version=\u00bb4.27.4&#8243; _module_preset=\u00bbdefault\u00bb header_level=\u00bbh3&#8243; header_font=\u00bbBaskervville|700|||||||\u00bb header_text_color=\u00bb#54565a\u00bb custom_margin=\u00bb50px||||false|false\u00bb border_radii=\u00bbon|15px|15px|15px|15px\u00bb border_color_all=\u00bb#FFFFFF\u00bb border_width_right=\u00bb0px\u00bb border_radii_image=\u00bboff|15px|15px||\u00bb box_shadow_style=\u00bbpreset4&#8243; locked=\u00bboff\u00bb global_colors_info=\u00bb{}\u00bb][\/et_pb_blog][\/et_pb_column][et_pb_column type=\u00bb1_4&#8243; _builder_version=\u00bb4.27.4&#8243; _module_preset=\u00bbdefault\u00bb global_colors_info=\u00bb{}\u00bb][et_pb_blog fullwidth=\u00bboff\u00bb post_type=\u00bbevento-semanal\u00bb posts_number=\u00bb1&#8243; excerpt_length=\u00bb100&#8243; show_author=\u00bboff\u00bb show_date=\u00bboff\u00bb show_pagination=\u00bboff\u00bb offset_number=\u00bb5&#8243; _builder_version=\u00bb4.27.4&#8243; _module_preset=\u00bbdefault\u00bb header_level=\u00bbh3&#8243; header_font=\u00bbBaskervville|700|||||||\u00bb header_text_color=\u00bb#54565a\u00bb custom_margin=\u00bb50px||||false|false\u00bb border_radii=\u00bbon|15px|15px|15px|15px\u00bb border_color_all=\u00bb#FFFFFF\u00bb border_width_right=\u00bb0px\u00bb border_radii_image=\u00bboff|15px|15px||\u00bb box_shadow_style=\u00bbpreset4&#8243; locked=\u00bboff\u00bb global_colors_info=\u00bb{}\u00bb][\/et_pb_blog][\/et_pb_column][et_pb_column type=\u00bb1_4&#8243; _builder_version=\u00bb4.27.4&#8243; _module_preset=\u00bbdefault\u00bb global_colors_info=\u00bb{}\u00bb][et_pb_blog fullwidth=\u00bboff\u00bb post_type=\u00bbevento-semanal\u00bb posts_number=\u00bb1&#8243; excerpt_length=\u00bb100&#8243; show_author=\u00bboff\u00bb show_date=\u00bboff\u00bb show_pagination=\u00bboff\u00bb offset_number=\u00bb6&#8243; _builder_version=\u00bb4.27.4&#8243; _module_preset=\u00bbdefault\u00bb header_level=\u00bbh3&#8243; header_font=\u00bbBaskervville|700|||||||\u00bb header_text_color=\u00bb#54565a\u00bb custom_margin=\u00bb50px||||false|false\u00bb border_radii=\u00bbon|15px|15px|15px|15px\u00bb border_color_all=\u00bb#FFFFFF\u00bb border_width_right=\u00bb0px\u00bb border_radii_image=\u00bboff|15px|15px||\u00bb box_shadow_style=\u00bbpreset4&#8243; locked=\u00bboff\u00bb global_colors_info=\u00bb{}\u00bb][\/et_pb_blog][\/et_pb_column][et_pb_column type=\u00bb1_4&#8243; _builder_version=\u00bb4.27.4&#8243; _module_preset=\u00bbdefault\u00bb global_colors_info=\u00bb{}\u00bb][et_pb_blog fullwidth=\u00bboff\u00bb post_type=\u00bbevento-semanal\u00bb posts_number=\u00bb1&#8243; excerpt_length=\u00bb100&#8243; show_author=\u00bboff\u00bb show_date=\u00bboff\u00bb show_pagination=\u00bboff\u00bb offset_number=\u00bb7&#8243; _builder_version=\u00bb4.27.4&#8243; _module_preset=\u00bbdefault\u00bb header_level=\u00bbh3&#8243; header_font=\u00bbBaskervville|700|||||||\u00bb header_text_color=\u00bb#54565a\u00bb custom_margin=\u00bb50px||||false|false\u00bb border_radii=\u00bbon|15px|15px|15px|15px\u00bb border_color_all=\u00bb#FFFFFF\u00bb border_width_right=\u00bb0px\u00bb border_radii_image=\u00bboff|15px|15px||\u00bb box_shadow_style=\u00bbpreset4&#8243; locked=\u00bboff\u00bb global_colors_info=\u00bb{}\u00bb][\/et_pb_blog][\/et_pb_column][\/et_pb_row][et_pb_row disabled_on=\u00bboff|on|on\u00bb _builder_version=\u00bb4.27.4&#8243; _module_preset=\u00bbdefault\u00bb global_colors_info=\u00bb{}\u00bb][et_pb_column type=\u00bb4_4&#8243; _builder_version=\u00bb4.27.4&#8243; _module_preset=\u00bbdefault\u00bb global_colors_info=\u00bb{}\u00bb][et_pb_blog fullwidth=\u00bboff\u00bb post_type=\u00bbevento-semanal\u00bb posts_number=\u00bb7&#8243; excerpt_length=\u00bb100&#8243; show_author=\u00bboff\u00bb show_date=\u00bboff\u00bb show_pagination=\u00bboff\u00bb disabled_on=\u00bboff|on|on\u00bb _builder_version=\u00bb4.27.4&#8243; _module_preset=\u00bbdefault\u00bb header_level=\u00bbh3&#8243; header_font=\u00bbBaskervville|700|||||||\u00bb header_text_color=\u00bb#54565a\u00bb custom_margin=\u00bb50px||||false|false\u00bb border_radii=\u00bbon|15px|15px|15px|15px\u00bb border_color_all=\u00bb#FFFFFF\u00bb border_width_right=\u00bb0px\u00bb border_radii_image=\u00bboff|15px|15px||\u00bb box_shadow_style=\u00bbpreset4&#8243; locked=\u00bboff\u00bb global_colors_info=\u00bb{}\u00bb][\/et_pb_blog][\/et_pb_column][\/et_pb_row][et_pb_row _builder_version=\u00bb4.27.4&#8243; _module_preset=\u00bbdefault\u00bb width=\u00bb90%\u00bb hover_enabled=\u00bb0&#8243; global_colors_info=\u00bb{}\u00bb custom_margin=\u00bb50px||50px||true|false\u00bb sticky_enabled=\u00bb0&#8243;][et_pb_column type=\u00bb4_4&#8243; _builder_version=\u00bb4.27.4&#8243; _module_preset=\u00bbdefault\u00bb global_colors_info=\u00bb{}\u00bb][et_pb_cta _builder_version=\u00bb4.27.4&#8243; _module_preset=\u00bbdefault\u00bb body_font_size=\u00bb22px\u00bb background_color=\u00bbrgba(84,86,90,0.51)\u00bb background_image=\u00bbhttps:\/\/hotelarclarambla.com\/agenda\/wp-content\/uploads\/2026\/04\/comprar-tickets-recepcion-hotel-arc-la-rambla.webp\u00bb body_text_shadow_style=\u00bbpreset1&#8243; border_radii=\u00bbon|15px|15px|15px|15px\u00bb locked=\u00bboff\u00bb global_colors_info=\u00bb{}\u00bb]<\/p>\n<p>Si lo desea, contacte con recepci\u00f3n, nuestro equipo gestionar\u00e1 sus entradas de forma segura e imprimir\u00e1 los tickets por usted\u00a0<i class=\"fa-solid fa-ticket\"><\/i><\/p>\n<p>[\/et_pb_cta][\/et_pb_column][\/et_pb_row][et_pb_row column_structure=\u00bb1_2,1_2&#8243; _builder_version=\u00bb4.27.4&#8243; _module_preset=\u00bbdefault\u00bb width=\u00bb90%\u00bb hover_enabled=\u00bb0&#8243; global_colors_info=\u00bb{}\u00bb custom_margin=\u00bb50px||50px||true|false\u00bb sticky_enabled=\u00bb0&#8243;][et_pb_column type=\u00bb1_2&#8243; _builder_version=\u00bb4.27.4&#8243; _module_preset=\u00bbdefault\u00bb global_colors_info=\u00bb{}\u00bb][et_pb_text _builder_version=\u00bb4.27.4&#8243; _module_preset=\u00bbdefault\u00bb text_font=\u00bbBaskervville||||||||\u00bb text_text_color=\u00bb#54565a\u00bb text_line_height=\u00bb1em\u00bb header_font=\u00bbBaskervville|700|||||||\u00bb header_text_align=\u00bbcenter\u00bb header_text_color=\u00bb#54565a\u00bb header_2_font=\u00bbBaskervville|700|||||||\u00bb header_2_text_color=\u00bb#54565a\u00bb locked=\u00bboff\u00bb global_colors_info=\u00bb{}\u00bb]<\/p>\n<h2>Tours Barcelona<\/h2>\n<p>En esta secci\u00f3n encontrar\u00e1s una amplia selecci\u00f3n de experiencias y actividades en Barcelona, cuidadosamente organizadas para que puedas elegir f\u00e1cilmente el plan que mejor se adapte a tu estancia.<\/p>\n<ul>\n<li>Espect\u00e1culos en vivo<\/li>\n<li>Excursiones y tours por la ciudad<\/li>\n<li>Visitas a arte y museos<\/li>\n<li>Experiencias gastron\u00f3micas y enoturismo<\/li>\n<li>Bike tours por Barcelona<\/li>\n<\/ul>\n<p><strong>Recursos:<\/strong><\/p>\n<p><strong><\/strong><\/p>\n<ul>\n<li style=\"text-align: left;\"><a href=\"https:\/\/hotelarclarambla.com\/agenda\/wp-content\/uploads\/2026\/04\/city-tour-turistic.pdf\" target=\"_blank\" rel=\"noopener\">Descargar Mapa City Tour <strong><em>(pdf)<\/em><\/strong><\/a><\/li>\n<li style=\"text-align: left;\"><a href=\"https:\/\/hotelarclarambla.com\/agenda\/wp-content\/uploads\/2026\/04\/mapa-bus-turistic-barcelona-turisme.pdf\" target=\"_blank\" rel=\"noopener\">Descargar Mapa Bus Tur\u00edstic<em><\/em><strong><em> (pdf)<\/em><\/strong><\/a><\/li>\n<\/ul>\n<p>[\/et_pb_text][\/et_pb_column][et_pb_column type=\u00bb1_2&#8243; _builder_version=\u00bb4.27.4&#8243; _module_preset=\u00bbdefault\u00bb global_colors_info=\u00bb{}\u00bb][et_pb_cta button_url=\u00bbhttps:\/\/s.ticketinhotel.es\/l\/fo630?locale=es\u00bb url_new_window=\u00bbon\u00bb button_text=\u00bbComprar tickets\u00bb _builder_version=\u00bb4.27.4&#8243; _module_preset=\u00bbdefault\u00bb background_enable_color=\u00bboff\u00bb background_image=\u00bbhttps:\/\/hotelarclarambla.com\/agenda\/wp-content\/uploads\/2026\/04\/tours-barcelona-h-arclarambla.webp\u00bb button_alignment=\u00bbcenter\u00bb custom_padding=\u00bb150px|20px|150px|20px|false|false\u00bb border_radii=\u00bbon|15px|15px|15px|15px\u00bb global_colors_info=\u00bb{}\u00bb][\/et_pb_cta][\/et_pb_column][\/et_pb_row][et_pb_row _builder_version=\u00bb4.27.4&#8243; _module_preset=\u00bbdefault\u00bb locked=\u00bboff\u00bb global_colors_info=\u00bb{}\u00bb][et_pb_column type=\u00bb4_4&#8243; _builder_version=\u00bb4.27.4&#8243; _module_preset=\u00bbdefault\u00bb global_colors_info=\u00bb{}\u00bb][et_pb_text _builder_version=\u00bb4.27.4&#8243; _module_preset=\u00bbdefault\u00bb text_font=\u00bbBaskervville||||||||\u00bb header_2_font=\u00bbBaskervville||||||||\u00bb header_2_text_color=\u00bb#54565a\u00bb custom_padding=\u00bb20px|20px|20px|20px|false|false\u00bb border_radii=\u00bbon|15px|15px|15px|15px\u00bb border_width_all=\u00bb1px\u00bb border_color_all=\u00bb#d6d6d6&#8243; global_colors_info=\u00bb{}\u00bb]<\/p>\n<h2><strong>Informaci\u00f3n y venta de tickets<\/strong><\/h2>\n<p>Hotel Arc La Rambla ofrece a sus clientes informaci\u00f3n y recomendaciones sobre eventos destacados en Barcelona como un servicio adicional de car\u00e1cter informativo.<\/p>\n<p>Algunos de los enlaces o referencias proporcionados pueden formar parte de un programa de afiliaci\u00f3n con plataformas externas de venta de tickets online. La compra de entradas se realiza directamente a trav\u00e9s de dichas plataformas, siendo estas las \u00fanicas responsables de la transacci\u00f3n, condiciones de venta, disponibilidad, modificaciones o cancelaciones de los eventos.<\/p>\n<p>El Hotel Arc La Rambla no act\u00faa como organizador ni como vendedor directo de los eventos, y por tanto no asume responsabilidad alguna derivada de la compra de tickets realizada a trav\u00e9s de medios ajenos a sus canales oficiales.<\/p>\n<p>Se recomienda a los usuarios revisar detenidamente los t\u00e9rminos y condiciones de la plataforma de venta antes de efectuar cualquier compra.<\/p>\n<p>[\/et_pb_text][\/et_pb_column][\/et_pb_row][\/et_pb_section]<\/p>\n","protected":false},"excerpt":{"rendered":"<p>Compra tus tickets Deportes \u00b7 Conciertos \u00b7 Teatros \u00b7 Espect\u00e1culosDisfruta de los mejores eventos de la semana en BarcelonaSi lo desea, contacte con recepci\u00f3n, nuestro equipo gestionar\u00e1 sus entradas de forma segura e imprimir\u00e1 los tickets por usted\u00a0Tours Barcelona En esta secci\u00f3n encontrar\u00e1s una amplia selecci\u00f3n de experiencias y actividades en Barcelona, cuidadosamente organizadas para [&hellip;]<\/p>\n","protected":false},"author":7,"featured_media":0,"parent":0,"menu_order":0,"comment_status":"closed","ping_status":"closed","template":"","meta":{"_acf_changed":false,"_et_pb_use_builder":"on","_et_pb_old_content":"","_et_gb_content_width":"","inline_featured_image":false,"footnotes":""},"class_list":["post-241623","page","type-page","status-publish","hentry"],"acf":[],"yoast_head":"<!-- This site is optimized with the Yoast SEO plugin v27.4 - https:\/\/yoast.com\/product\/yoast-seo-wordpress\/ -->\n<title>Hotel Arc La Rambla Barcelona | Agenda<\/title>\n<meta name=\"description\" content=\"Gastronom\u00eda, cultura, mercados, turismo, qu\u00e9 hacer en Barcelona... Todo esto y mucho m\u00e1s en el blog de Hotel Arc Rambla Barcelona.\" \/>\n<meta name=\"robots\" content=\"index, follow, max-snippet:-1, max-image-preview:large, max-video-preview:-1\" \/>\n<link rel=\"canonical\" href=\"https:\/\/hotelarclarambla.com\/agenda\/evento-semanal\/\" \/>\n<meta property=\"og:locale\" content=\"es_ES\" \/>\n<meta property=\"og:type\" content=\"article\" \/>\n<meta property=\"og:title\" content=\"Hotel Arc La Rambla Barcelona | Agenda\" \/>\n<meta property=\"og:description\" content=\"Gastronom\u00eda, cultura, mercados, turismo, qu\u00e9 hacer en Barcelona... Todo esto y mucho m\u00e1s en el blog de Hotel Arc Rambla Barcelona.\" \/>\n<meta property=\"og:url\" content=\"https:\/\/hotelarclarambla.com\/agenda\/evento-semanal\/\" \/>\n<meta property=\"og:site_name\" content=\"Hotel Arc La Rambla Blog\" \/>\n<meta property=\"article:modified_time\" content=\"2026-04-24T06:52:17+00:00\" \/>\n<meta name=\"twitter:card\" content=\"summary_large_image\" \/>\n<meta name=\"twitter:label1\" content=\"Tiempo de lectura\" \/>\n\t<meta name=\"twitter:data1\" content=\"1 minuto\" \/>\n<script type=\"application\/ld+json\" class=\"yoast-schema-graph\">{\"@context\":\"https:\\\/\\\/schema.org\",\"@graph\":[{\"@type\":\"WebPage\",\"@id\":\"https:\\\/\\\/hotelarclarambla.com\\\/agenda\\\/evento-semanal\\\/\",\"url\":\"https:\\\/\\\/hotelarclarambla.com\\\/agenda\\\/evento-semanal\\\/\",\"name\":\"Hotel Arc La Rambla Barcelona | Agenda\",\"isPartOf\":{\"@id\":\"https:\\\/\\\/hotelarclarambla.com\\\/agenda\\\/#website\"},\"datePublished\":\"2026-04-14T12:45:37+00:00\",\"dateModified\":\"2026-04-24T06:52:17+00:00\",\"description\":\"Gastronom\u00eda, cultura, mercados, turismo, qu\u00e9 hacer en Barcelona... Todo esto y mucho m\u00e1s en el blog de Hotel Arc Rambla Barcelona.\",\"breadcrumb\":{\"@id\":\"https:\\\/\\\/hotelarclarambla.com\\\/agenda\\\/evento-semanal\\\/#breadcrumb\"},\"inLanguage\":\"es\",\"potentialAction\":[{\"@type\":\"ReadAction\",\"target\":[\"https:\\\/\\\/hotelarclarambla.com\\\/agenda\\\/evento-semanal\\\/\"]}]},{\"@type\":\"BreadcrumbList\",\"@id\":\"https:\\\/\\\/hotelarclarambla.com\\\/agenda\\\/evento-semanal\\\/#breadcrumb\",\"itemListElement\":[{\"@type\":\"ListItem\",\"position\":1,\"name\":\"Portada\",\"item\":\"https:\\\/\\\/hotelarclarambla.com\\\/agenda\\\/\"},{\"@type\":\"ListItem\",\"position\":2,\"name\":\"Evento semanal\"}]},{\"@type\":\"WebSite\",\"@id\":\"https:\\\/\\\/hotelarclarambla.com\\\/agenda\\\/#website\",\"url\":\"https:\\\/\\\/hotelarclarambla.com\\\/agenda\\\/\",\"name\":\"Hotel Arc La Rambla Blog\",\"description\":\"El blog de Hotel Arc\",\"potentialAction\":[{\"@type\":\"SearchAction\",\"target\":{\"@type\":\"EntryPoint\",\"urlTemplate\":\"https:\\\/\\\/hotelarclarambla.com\\\/agenda\\\/?s={search_term_string}\"},\"query-input\":{\"@type\":\"PropertyValueSpecification\",\"valueRequired\":true,\"valueName\":\"search_term_string\"}}],\"inLanguage\":\"es\"}]}<\/script>\n<!-- \/ Yoast SEO plugin. -->","yoast_head_json":{"title":"Hotel Arc La Rambla Barcelona | Agenda","description":"Gastronom\u00eda, cultura, mercados, turismo, qu\u00e9 hacer en Barcelona... Todo esto y mucho m\u00e1s en el blog de Hotel Arc Rambla Barcelona.","robots":{"index":"index","follow":"follow","max-snippet":"max-snippet:-1","max-image-preview":"max-image-preview:large","max-video-preview":"max-video-preview:-1"},"canonical":"https:\/\/hotelarclarambla.com\/agenda\/evento-semanal\/","og_locale":"es_ES","og_type":"article","og_title":"Hotel Arc La Rambla Barcelona | Agenda","og_description":"Gastronom\u00eda, cultura, mercados, turismo, qu\u00e9 hacer en Barcelona... Todo esto y mucho m\u00e1s en el blog de Hotel Arc Rambla Barcelona.","og_url":"https:\/\/hotelarclarambla.com\/agenda\/evento-semanal\/","og_site_name":"Hotel Arc La Rambla Blog","article_modified_time":"2026-04-24T06:52:17+00:00","twitter_card":"summary_large_image","twitter_misc":{"Tiempo de lectura":"1 minuto"},"schema":{"@context":"https:\/\/schema.org","@graph":[{"@type":"WebPage","@id":"https:\/\/hotelarclarambla.com\/agenda\/evento-semanal\/","url":"https:\/\/hotelarclarambla.com\/agenda\/evento-semanal\/","name":"Hotel Arc La Rambla Barcelona | Agenda","isPartOf":{"@id":"https:\/\/hotelarclarambla.com\/agenda\/#website"},"datePublished":"2026-04-14T12:45:37+00:00","dateModified":"2026-04-24T06:52:17+00:00","description":"Gastronom\u00eda, cultura, mercados, turismo, qu\u00e9 hacer en Barcelona... Todo esto y mucho m\u00e1s en el blog de Hotel Arc Rambla Barcelona.","breadcrumb":{"@id":"https:\/\/hotelarclarambla.com\/agenda\/evento-semanal\/#breadcrumb"},"inLanguage":"es","potentialAction":[{"@type":"ReadAction","target":["https:\/\/hotelarclarambla.com\/agenda\/evento-semanal\/"]}]},{"@type":"BreadcrumbList","@id":"https:\/\/hotelarclarambla.com\/agenda\/evento-semanal\/#breadcrumb","itemListElement":[{"@type":"ListItem","position":1,"name":"Portada","item":"https:\/\/hotelarclarambla.com\/agenda\/"},{"@type":"ListItem","position":2,"name":"Evento semanal"}]},{"@type":"WebSite","@id":"https:\/\/hotelarclarambla.com\/agenda\/#website","url":"https:\/\/hotelarclarambla.com\/agenda\/","name":"Hotel Arc La Rambla Blog","description":"El blog de Hotel Arc","potentialAction":[{"@type":"SearchAction","target":{"@type":"EntryPoint","urlTemplate":"https:\/\/hotelarclarambla.com\/agenda\/?s={search_term_string}"},"query-input":{"@type":"PropertyValueSpecification","valueRequired":true,"valueName":"search_term_string"}}],"inLanguage":"es"}]}},"_links":{"self":[{"href":"https:\/\/hotelarclarambla.com\/agenda\/wp-json\/wp\/v2\/pages\/241623","targetHints":{"allow":["GET"]}}],"collection":[{"href":"https:\/\/hotelarclarambla.com\/agenda\/wp-json\/wp\/v2\/pages"}],"about":[{"href":"https:\/\/hotelarclarambla.com\/agenda\/wp-json\/wp\/v2\/types\/page"}],"author":[{"embeddable":true,"href":"https:\/\/hotelarclarambla.com\/agenda\/wp-json\/wp\/v2\/users\/7"}],"replies":[{"embeddable":true,"href":"https:\/\/hotelarclarambla.com\/agenda\/wp-json\/wp\/v2\/comments?post=241623"}],"version-history":[{"count":39,"href":"https:\/\/hotelarclarambla.com\/agenda\/wp-json\/wp\/v2\/pages\/241623\/revisions"}],"predecessor-version":[{"id":242129,"href":"https:\/\/hotelarclarambla.com\/agenda\/wp-json\/wp\/v2\/pages\/241623\/revisions\/242129"}],"wp:attachment":[{"href":"https:\/\/hotelarclarambla.com\/agenda\/wp-json\/wp\/v2\/media?parent=241623"}],"curies":[{"name":"wp","href":"https:\/\/api.w.org\/{rel}","templated":true}]}}